{"id":5499,"date":"2023-04-12T13:05:39","date_gmt":"2023-04-12T11:05:39","guid":{"rendered":"https:\/\/www.gardaarch.it\/dienstleistungen\/"},"modified":"2025-08-25T12:38:38","modified_gmt":"2025-08-25T10:38:38","slug":"dienstleistungen","status":"publish","type":"page","link":"https:\/\/www.gardaarch.it\/de\/dienstleistungen\/","title":{"rendered":"Dienstleistungen"},"content":{"rendered":"\n\t<section class=\"section\" id=\"section_617311409\">\n\t\t<div class=\"section-bg fill\" >\n\t\t\t\t\t\t\t\t\t\n\t\t\t\n\n\t\t<\/div>\n\n\t\t\n\n\t\t<div class=\"section-content relative\">\n\t\t\t\n<div class=\"row row-collapse align-center\" style=\"max-width:1800px\" id=\"row-575855548\">\n\n\t<div id=\"col-374250688\" class=\"col medium-11 small-12 large-11\"  >\n\t\t\t\t<div class=\"col-inner\"  >\n\t\t\t\n\t\t\t\n\n  <div class=\"banner has-hover has-parallax\" id=\"banner-304861924\">\n          <div class=\"banner-inner fill\">\n        <div class=\"banner-bg fill\" data-parallax=\"-5\" data-parallax-container=\".banner\" data-parallax-background>\n            <img loading=\"lazy\" decoding=\"async\" width=\"1600\" height=\"1052\" src=\"https:\/\/www.gardaarch.it\/wp-content\/uploads\/2024\/11\/SCALA-2_V3-1.jpg\" class=\"bg attachment-original size-original\" alt=\"\">                        <div class=\"overlay\"><\/div>            \n                    <\/div>\n\t\t\n        <div class=\"banner-layers container\">\n            <div class=\"fill banner-link\"><\/div>            \n        <\/div>\n      <\/div>\n\n            \n<style>\n#banner-304861924 {\n  padding-top: 450px;\n  background-color: rgb(255, 255, 255);\n}\n#banner-304861924 .overlay {\n  background-color: rgba(0, 0, 0, 0.058);\n}\n#banner-304861924 .banner-bg img {\n  object-position: 48% 56%;\n}\n@media (min-width:550px) {\n  #banner-304861924 {\n    padding-top: 550px;\n  }\n}\n@media (min-width:850px) {\n  #banner-304861924 {\n    padding-top: 600px;\n  }\n}\n<\/style>\n  <\/div>\n\n\n\t\t<\/div>\n\t\t\t\t\t<\/div>\n\n\t\n<\/div>\n\t\t<\/div>\n\n\t\t\n<style>\n#section_617311409 {\n  padding-top: 0px;\n  padding-bottom: 0px;\n}\n<\/style>\n\t<\/section>\n\t\n\n\t<section class=\"section\" id=\"section_180205637\">\n\t\t<div class=\"section-bg fill\" >\n\t\t\t\t\t\t\t\t\t\n\t\t\t\n\n\t\t<\/div>\n\n\t\t\n\n\t\t<div class=\"section-content relative\">\n\t\t\t\n<div class=\"row row-collapse align-center\" style=\"max-width:1800px\" id=\"row-1703646653\">\n\n\t<div id=\"col-1425795533\" class=\"col medium-11 large-11\"  >\n\t\t\t\t<div class=\"col-inner\"  >\n\t\t\t\n\t\t\t\n<div class=\"row row-collapse\" style=\"max-width:1800px\" id=\"row-1428547437\">\n\n\t<div id=\"col-512033155\" class=\"col medium-10 small-12 large-6\"  >\n\t\t\t\t<div class=\"col-inner\" style=\"background-color:rgb(255, 255, 255);\" >\n\t\t\t\n\t\t\t\n<p class=\"lead\"><span data-text-color=\"alert\"><strong>Dienstleistungen<\/strong><\/span><\/p>\n<h2><strong>Wir schaffen R\u00e4ume nach Ihren W\u00fcnschen.<\/strong><\/h2>\n<p class=\"lead\"><strong>Mit unserem Studio arbeiten Sie auf ein Team engagierter Fachleute mit Liebe zum Detail, die Ihre Ideen in die Tat umsetzen. Wir begleiten Sie in jeder Projektphase und garantieren Qualit\u00e4t, Kreativit\u00e4t und Professionalit\u00e4t. <\/strong><\/p>\n\t\t<\/div>\n\t\t\t\t\n<style>\n#col-512033155 > .col-inner {\n  padding: 20px 20px 0px 20px;\n}\n@media (min-width:550px) {\n  #col-512033155 > .col-inner {\n    padding: 40px 40px 0px 40px;\n  }\n}\n<\/style>\n\t<\/div>\n\n\t\n<\/div>\n\t\t<\/div>\n\t\t\t\t\n<style>\n#col-1425795533 > .col-inner {\n  margin: -120px 0px 0px 0px;\n}\n@media (min-width:550px) {\n  #col-1425795533 > .col-inner {\n    margin: -180px 0px 0px 0px;\n  }\n}\n<\/style>\n\t<\/div>\n\n\t\n<\/div>\n\t<div id=\"gap-2050168125\" class=\"gap-element clearfix hide-for-medium\" style=\"display:block; height:auto;\">\n\t\t\n<style>\n#gap-2050168125 {\n  padding-top: 100px;\n}\n<\/style>\n\t<\/div>\n\t\n\t\t<\/div>\n\n\t\t\n<style>\n#section_180205637 {\n  padding-top: 80px;\n  padding-bottom: 80px;\n  background-color: rgb(255, 255, 255);\n}\n@media (min-width:850px) {\n  #section_180205637 {\n    padding-top: 0px;\n    padding-bottom: 0px;\n  }\n}\n<\/style>\n\t<\/section>\n\t\n\n\t<section class=\"section\" id=\"section_2055526332\">\n\t\t<div class=\"section-bg fill\" >\n\t\t\t\t\t\t\t\t\t\n\t\t\t\n\n\t\t<\/div>\n\n\t\t\n\n\t\t<div class=\"section-content relative\">\n\t\t\t\n<div class=\"row row-collapse align-middle align-center\" style=\"max-width:1800px\" id=\"row-1267188032\">\n\n\t<div id=\"col-1878650361\" class=\"col medium-11 small-12 large-11 medium-col-first\"  data-animate=\"fadeInLeft\">\n\t\t\t\t<div class=\"col-inner\"  >\n\t\t\t\n\t\t\t\n<div class=\"row row-collapse align-middle\"  id=\"row-1423018882\">\n\n\t<div id=\"col-1706523376\" class=\"col medium-12 small-12 large-6\"  >\n\t\t\t\t<div class=\"col-inner\"  >\n\t\t\t\n\t\t\t\n\n  <div class=\"banner has-hover has-parallax\" id=\"banner-2059619409\">\n          <div class=\"banner-inner fill\">\n        <div class=\"banner-bg fill\" data-parallax=\"-3\" data-parallax-container=\".banner\" data-parallax-background>\n            <img loading=\"lazy\" decoding=\"async\" width=\"1600\" height=\"1052\" src=\"https:\/\/www.gardaarch.it\/wp-content\/uploads\/2024\/11\/DINING-2_V3.jpg\" class=\"bg attachment-original size-original\" alt=\"\">                        <div class=\"overlay\"><\/div>            \n                    <\/div>\n\t\t\n        <div class=\"banner-layers container\">\n            <div class=\"fill banner-link\"><\/div>            \n        <\/div>\n      <\/div>\n\n            \n<style>\n#banner-2059619409 {\n  padding-top: 240px;\n  background-color: rgb(255, 255, 255);\n}\n#banner-2059619409 .overlay {\n  background-color: rgba(0, 0, 0, 0.093);\n}\n#banner-2059619409 .banner-bg img {\n  object-position: 49% 71%;\n}\n@media (min-width:550px) {\n  #banner-2059619409 {\n    padding-top: 360px;\n  }\n}\n@media (min-width:850px) {\n  #banner-2059619409 {\n    padding-top: 450px;\n  }\n}\n<\/style>\n  <\/div>\n\n\n\t\t<\/div>\n\t\t\t\t\t<\/div>\n\n\t\n\n\t<div id=\"col-1209121360\" class=\"col medium-12 small-12 large-6\"  >\n\t\t\t\t<div class=\"col-inner\"  >\n\t\t\t\n\t\t\t\n<h3><strong>Architekturdesign<\/strong><\/h3>\n<p><p>Design bedeutet nicht nur Bauen, sondern Ideen, Tr\u00e4umen und Bed\u00fcrfnissen Gestalt zu verleihen. Durch sorgf\u00e4ltige Analyse des Kontexts und der Kundenbed\u00fcrfnisse entwickeln wir innovative und funktionale Architekturl\u00f6sungen. Jedes Projekt ist so konzipiert, dass es sich harmonisch in die Umgebung einf\u00fcgt und Nachhaltigkeit, Energieeffizienz und Wohnkomfort gew\u00e4hrleistet.   Wir sind spezialisiert auf:<\/p>\n<ul>\n<li class=\"bullet-arrow\">Planung von Wohn-, Gewerbe- und \u00f6ffentlichen Geb\u00e4uden<\/li>\n<li class=\"bullet-arrow\">Renovierungen und Erweiterungen<\/li>\n<li class=\"bullet-arrow\">Beratung bei Stadtsanierung und Restaurierung historischer Geb\u00e4ude.<\/li>\n<\/ul>\n\t\t<\/div>\n\t\t\t\t\n<style>\n#col-1209121360 > .col-inner {\n  padding: 40px 40px 40px 40px;\n}\n@media (min-width:850px) {\n  #col-1209121360 > .col-inner {\n    padding: 0px 40px 20px 40px;\n  }\n}\n<\/style>\n\t<\/div>\n\n\t\n<\/div>\n\t<div id=\"gap-2087274732\" class=\"gap-element clearfix hide-for-medium\" style=\"display:block; height:auto;\">\n\t\t\n<style>\n#gap-2087274732 {\n  padding-top: 100px;\n}\n<\/style>\n\t<\/div>\n\t\n\t\t<\/div>\n\t\t\t\t\t<\/div>\n\n\t\n<\/div>\n\t\t<\/div>\n\n\t\t\n<style>\n#section_2055526332 {\n  padding-top: 20px;\n  padding-bottom: 20px;\n}\n@media (min-width:550px) {\n  #section_2055526332 {\n    padding-top: 0px;\n    padding-bottom: 0px;\n  }\n}\n<\/style>\n\t<\/section>\n\t\n\n\t<section class=\"section\" id=\"section_793450158\">\n\t\t<div class=\"section-bg fill\" >\n\t\t\t\t\t\t\t\t\t\n\t\t\t\n\n\t\t<\/div>\n\n\t\t\n\n\t\t<div class=\"section-content relative\">\n\t\t\t\n<div class=\"row row-collapse align-middle align-center\" style=\"max-width:1800px\" id=\"row-1682054464\">\n\n\t<div id=\"col-202142354\" class=\"col medium-11 small-12 large-11 medium-col-first\"  data-animate=\"fadeInLeft\">\n\t\t\t\t<div class=\"col-inner\"  >\n\t\t\t\n\t\t\t\n<div class=\"row row-collapse align-middle\"  id=\"row-1763856314\">\n\n\t<div id=\"col-665119233\" class=\"col medium-12 small-12 large-6\"  >\n\t\t\t\t<div class=\"col-inner\"  >\n\t\t\t\n\t\t\t\n<h3><strong>Innenarchitektur und Einrichtung<\/strong><\/h3>\n<p>Wenn die Inneneinrichtung das Herzst\u00fcck eines Projekts ist, wertet unser Innenarchitektur-Service Innenr\u00e4ume mit \u00e4sthetischen und funktionalen L\u00f6sungen auf, die individuell auf jeden Kunden zugeschnitten sind. Jedes Element &#8211; von Farben \u00fcber Materialien bis hin zur Einrichtung &#8211; wird sorgf\u00e4ltig ausgew\u00e4hlt, um einladende, harmonische R\u00e4ume mit starker optischer Wirkung zu schaffen. Unsere Leistungen umfassen:  <\/p>\n<ul>\n<li class=\"bullet-arrow\">Design und Beratung f\u00fcr die Einrichtung von Wohn-, Gewerbe- und Gastronomier\u00e4umen.<\/li>\n<li class=\"bullet-arrow\">Auswahl hochwertiger Materialien und Oberfl\u00e4chen.<\/li>\n<li class=\"bullet-arrow\">Ma\u00dfgeschneiderte Gestaltung von M\u00f6beln und Einrichtungsgegenst\u00e4nden.<\/li>\n<\/ul>\n\t\t<\/div>\n\t\t\t\t\n<style>\n#col-665119233 > .col-inner {\n  padding: 40px 40px 40px 40px;\n}\n@media (min-width:850px) {\n  #col-665119233 > .col-inner {\n    padding: 0px 40px 20px 40px;\n  }\n}\n<\/style>\n\t<\/div>\n\n\t\n\n\t<div id=\"col-37107039\" class=\"col medium-12 small-12 large-6 medium-col-first\"  >\n\t\t\t\t<div class=\"col-inner\"  >\n\t\t\t\n\t\t\t\n\n  <div class=\"banner has-hover has-parallax\" id=\"banner-1331638327\">\n          <div class=\"banner-inner fill\">\n        <div class=\"banner-bg fill\" data-parallax=\"-3\" data-parallax-container=\".banner\" data-parallax-background>\n            <img loading=\"lazy\" decoding=\"async\" width=\"1256\" height=\"826\" src=\"https:\/\/www.gardaarch.it\/wp-content\/uploads\/2024\/10\/img-02.jpg\" class=\"bg attachment-original size-original\" alt=\"\">                        <div class=\"overlay\"><\/div>            \n                    <\/div>\n\t\t\n        <div class=\"banner-layers container\">\n            <div class=\"fill banner-link\"><\/div>            \n        <\/div>\n      <\/div>\n\n            \n<style>\n#banner-1331638327 {\n  padding-top: 240px;\n  background-color: rgb(255, 255, 255);\n}\n#banner-1331638327 .overlay {\n  background-color: rgba(0, 0, 0, 0.093);\n}\n#banner-1331638327 .banner-bg img {\n  object-position: 49% 71%;\n}\n@media (min-width:550px) {\n  #banner-1331638327 {\n    padding-top: 360px;\n  }\n}\n@media (min-width:850px) {\n  #banner-1331638327 {\n    padding-top: 450px;\n  }\n}\n<\/style>\n  <\/div>\n\n\n\t\t<\/div>\n\t\t\t\t\t<\/div>\n\n\t\n<\/div>\n\t<div id=\"gap-1809757576\" class=\"gap-element clearfix hide-for-medium\" style=\"display:block; height:auto;\">\n\t\t\n<style>\n#gap-1809757576 {\n  padding-top: 100px;\n}\n<\/style>\n\t<\/div>\n\t\n\t\t<\/div>\n\t\t\t\t\t<\/div>\n\n\t\n<\/div>\n\t\t<\/div>\n\n\t\t\n<style>\n#section_793450158 {\n  padding-top: 20px;\n  padding-bottom: 20px;\n}\n@media (min-width:550px) {\n  #section_793450158 {\n    padding-top: 0px;\n    padding-bottom: 0px;\n  }\n}\n<\/style>\n\t<\/section>\n\t\n\n\t<section class=\"section\" id=\"section_829465009\">\n\t\t<div class=\"section-bg fill\" >\n\t\t\t\t\t\t\t\t\t\n\t\t\t\n\n\t\t<\/div>\n\n\t\t\n\n\t\t<div class=\"section-content relative\">\n\t\t\t\n<div class=\"row row-collapse align-middle align-center\" style=\"max-width:1800px\" id=\"row-171388031\">\n\n\t<div id=\"col-143020205\" class=\"col medium-11 small-12 large-11 medium-col-first\"  data-animate=\"fadeInLeft\">\n\t\t\t\t<div class=\"col-inner\"  >\n\t\t\t\n\t\t\t\n<div class=\"row row-collapse align-middle\"  id=\"row-1600505643\">\n\n\t<div id=\"col-2125782052\" class=\"col medium-12 small-12 large-6\"  >\n\t\t\t\t<div class=\"col-inner\"  >\n\t\t\t\n\t\t\t\n\n  <div class=\"banner has-hover has-parallax\" id=\"banner-125243349\">\n          <div class=\"banner-inner fill\">\n        <div class=\"banner-bg fill\" data-parallax=\"-3\" data-parallax-container=\".banner\" data-parallax-background>\n            <img loading=\"lazy\" decoding=\"async\" width=\"1600\" height=\"1199\" src=\"https:\/\/www.gardaarch.it\/wp-content\/uploads\/2024\/11\/DJI_0556.jpg\" class=\"bg attachment-original size-original\" alt=\"\">                        <div class=\"overlay\"><\/div>            \n                    <\/div>\n\t\t\n        <div class=\"banner-layers container\">\n            <div class=\"fill banner-link\"><\/div>            \n        <\/div>\n      <\/div>\n\n            \n<style>\n#banner-125243349 {\n  padding-top: 240px;\n  background-color: rgb(255, 255, 255);\n}\n#banner-125243349 .overlay {\n  background-color: rgba(0, 0, 0, 0.093);\n}\n#banner-125243349 .banner-bg img {\n  object-position: 58% 10%;\n}\n@media (min-width:550px) {\n  #banner-125243349 {\n    padding-top: 360px;\n  }\n}\n@media (min-width:850px) {\n  #banner-125243349 {\n    padding-top: 450px;\n  }\n}\n<\/style>\n  <\/div>\n\n\n\t\t<\/div>\n\t\t\t\t\t<\/div>\n\n\t\n\n\t<div id=\"col-1698042073\" class=\"col medium-12 small-12 large-6\"  >\n\t\t\t\t<div class=\"col-inner\"  >\n\t\t\t\n\t\t\t\n<h3><strong>Landschaftsgestaltung<\/strong><\/h3>\n<p>Wir glauben, dass Natur ein grundlegendes Element f\u00fcr Wohlbefinden und Lebensqualit\u00e4t ist. Landschaftsgestaltung ist ein integraler Bestandteil unseres Designansatzes. Wir gestalten G\u00e4rten, Terrassen und Gr\u00fcnfl\u00e4chen, die \u00c4sthetik, Funktionalit\u00e4t und Nachhaltigkeit vereinen. Jedes Landschaftsprojekt ist darauf ausgelegt, die Umwelt zu verbessern und dabei das Mikroklima und die spezifischen Bed\u00fcrfnisse des Kunden zu ber\u00fccksichtigen. Unser Angebot:    <\/p>\n<ul>\n<li class=\"bullet-arrow\">Gestaltung privater und \u00f6ffentlicher G\u00e4rten<\/li>\n<li class=\"bullet-arrow\">Gestaltung von Terrassen und bewohnbaren Au\u00dfenr\u00e4umen<\/li>\n<li class=\"bullet-arrow\">Integration nachhaltiger L\u00f6sungen wie Gr\u00fcnd\u00e4cher und vertikale G\u00e4rten<\/li>\n<\/ul>\n\t\t<\/div>\n\t\t\t\t\n<style>\n#col-1698042073 > .col-inner {\n  padding: 40px 40px 40px 40px;\n}\n@media (min-width:850px) {\n  #col-1698042073 > .col-inner {\n    padding: 0px 40px 20px 40px;\n  }\n}\n<\/style>\n\t<\/div>\n\n\t\n<\/div>\n\t\t<\/div>\n\t\t\t\t\t<\/div>\n\n\t\n<\/div>\n\t\t<\/div>\n\n\t\t\n<style>\n#section_829465009 {\n  padding-top: 20px;\n  padding-bottom: 20px;\n}\n@media (min-width:550px) {\n  #section_829465009 {\n    padding-top: 0px;\n    padding-bottom: 0px;\n  }\n}\n<\/style>\n\t<\/section>\n\t\n\n\n\n","protected":false},"excerpt":{"rendered":"","protected":false},"author":1,"featured_media":0,"parent":0,"menu_order":0,"comment_status":"closed","ping_status":"closed","template":"page-blank.php","meta":{"footnotes":""},"class_list":["post-5499","page","type-page","status-publish","hentry"],"_links":{"self":[{"href":"https:\/\/www.gardaarch.it\/de\/wp-json\/wp\/v2\/pages\/5499","targetHints":{"allow":["GET"]}}],"collection":[{"href":"https:\/\/www.gardaarch.it\/de\/wp-json\/wp\/v2\/pages"}],"about":[{"href":"https:\/\/www.gardaarch.it\/de\/wp-json\/wp\/v2\/types\/page"}],"author":[{"embeddable":true,"href":"https:\/\/www.gardaarch.it\/de\/wp-json\/wp\/v2\/users\/1"}],"replies":[{"embeddable":true,"href":"https:\/\/www.gardaarch.it\/de\/wp-json\/wp\/v2\/comments?post=5499"}],"version-history":[{"count":7,"href":"https:\/\/www.gardaarch.it\/de\/wp-json\/wp\/v2\/pages\/5499\/revisions"}],"predecessor-version":[{"id":5518,"href":"https:\/\/www.gardaarch.it\/de\/wp-json\/wp\/v2\/pages\/5499\/revisions\/5518"}],"wp:attachment":[{"href":"https:\/\/www.gardaarch.it\/de\/wp-json\/wp\/v2\/media?parent=5499"}],"curies":[{"name":"wp","href":"https:\/\/api.w.org\/{rel}","templated":true}]}}