{"id":5495,"date":"2020-07-09T10:01:47","date_gmt":"2020-07-09T08:01:47","guid":{"rendered":"https:\/\/www.gardaarch.it\/die-studie\/"},"modified":"2025-08-25T11:50:51","modified_gmt":"2025-08-25T09:50:51","slug":"die-studie","status":"publish","type":"page","link":"https:\/\/www.gardaarch.it\/de\/die-studie\/","title":{"rendered":"Die studie"},"content":{"rendered":"\n\t<section class=\"section\" id=\"section_1344459201\">\n\t\t<div class=\"section-bg fill\" >\n\t\t\t\t\t\t\t\t\t\n\t\t\t\n\n\t\t<\/div>\n\n\t\t\n\n\t\t<div class=\"section-content relative\">\n\t\t\t\n<div class=\"row row-collapse align-center\" style=\"max-width:1800px\" id=\"row-1952707964\">\n\n\t<div id=\"col-217195166\" class=\"col medium-11 small-12 large-11\"  >\n\t\t\t\t<div class=\"col-inner\"  >\n\t\t\t\n\t\t\t\n\n  <div class=\"banner has-hover has-parallax\" id=\"banner-729233575\">\n          <div class=\"banner-inner fill\">\n        <div class=\"banner-bg fill\" data-parallax=\"-5\" data-parallax-container=\".banner\" data-parallax-background>\n            <img loading=\"lazy\" decoding=\"async\" width=\"1600\" height=\"1052\" src=\"https:\/\/www.gardaarch.it\/wp-content\/uploads\/2024\/11\/SCALA-2_V3-1.jpg\" class=\"bg attachment-original size-original\" alt=\"\">                        <div class=\"overlay\"><\/div>            \n                    <\/div>\n\t\t\n        <div class=\"banner-layers container\">\n            <div class=\"fill banner-link\"><\/div>            \n        <\/div>\n      <\/div>\n\n            \n<style>\n#banner-729233575 {\n  padding-top: 450px;\n  background-color: rgb(255, 255, 255);\n}\n#banner-729233575 .overlay {\n  background-color: rgba(0, 0, 0, 0.058);\n}\n#banner-729233575 .banner-bg img {\n  object-position: 48% 56%;\n}\n@media (min-width:550px) {\n  #banner-729233575 {\n    padding-top: 550px;\n  }\n}\n@media (min-width:850px) {\n  #banner-729233575 {\n    padding-top: 600px;\n  }\n}\n<\/style>\n  <\/div>\n\n\n\t\t<\/div>\n\t\t\t\t\t<\/div>\n\n\t\n<\/div>\n\t\t<\/div>\n\n\t\t\n<style>\n#section_1344459201 {\n  padding-top: 0px;\n  padding-bottom: 0px;\n}\n<\/style>\n\t<\/section>\n\t\n\n\t<section class=\"section\" id=\"section_2073159338\">\n\t\t<div class=\"section-bg fill\" >\n\t\t\t\t\t\t\t\t\t\n\t\t\t\n\n\t\t<\/div>\n\n\t\t\n\n\t\t<div class=\"section-content relative\">\n\t\t\t\n<div class=\"row row-collapse align-center\" style=\"max-width:1800px\" id=\"row-891841660\">\n\n\t<div id=\"col-699190425\" class=\"col medium-11 large-11\"  >\n\t\t\t\t<div class=\"col-inner\"  >\n\t\t\t\n\t\t\t\n<div class=\"row row-collapse\" style=\"max-width:1800px\" id=\"row-531166739\">\n\n\t<div id=\"col-1338552874\" class=\"col medium-10 small-12 large-6\"  >\n\t\t\t\t<div class=\"col-inner\" style=\"background-color:rgb(255, 255, 255);\" >\n\t\t\t\n\t\t\t\n<p class=\"lead\"><span data-text-color=\"alert\"><strong>Die studie<\/strong><\/span><\/p>\n<h2><strong>T\u00e4glich innovativ sein, <\/strong><br \/><strong>f\u00fcr immer gestalten.<\/strong><\/h2>\n<p class=\"lead\"><span data-text-color=\"secondary\"><strong>F\u00fcr uns ist jedes Projekt eine Gelegenheit, Ideen in die Realit\u00e4t umzusetzen und Umgebungen zu gestalten, die den individuellen Bed\u00fcrfnissen der Bewohner gerecht werden. <\/strong><\/span><\/p>\n\t\t<\/div>\n\t\t\t\t\n<style>\n#col-1338552874 > .col-inner {\n  padding: 20px 20px 0px 20px;\n}\n@media (min-width:550px) {\n  #col-1338552874 > .col-inner {\n    padding: 40px 40px 0px 40px;\n  }\n}\n<\/style>\n\t<\/div>\n\n\t\n\n\t<div id=\"col-1455744109\" class=\"col medium-2 small-12 large-6\"  >\n\t\t\t\t<div class=\"col-inner\"  >\n\t\t\t\n\t\t\t\n\t\t<\/div>\n\t\t\t\t\t<\/div>\n\n\t\n\n\t<div id=\"col-1645697232\" class=\"col medium-12 small-12 large-4\"  >\n\t\t\t\t<div class=\"col-inner\" style=\"background-color:rgb(255, 255, 255);\" >\n\t\t\t\n\t\t\t\n<p class=\"lead\"><span data-text-color=\"primary\"><strong>Unsere Vision<\/strong><\/span><\/p>\n<p>Wir glauben, dass es in der Architektur nicht nur darum geht, Geb\u00e4ude zu schaffen, sondern Erlebnisse zu schaffen. Jeder Raum hat das Potenzial, eine Geschichte zu erz\u00e4hlen, eine Identit\u00e4t zu reflektieren und die Lebensqualit\u00e4t zu verbessern. Unser Ziel ist es, Orte zu gestalten, die inspirieren, begeistern und nachhaltig sind.<\/p>\n\t\t<\/div>\n\t\t\t\t\n<style>\n#col-1645697232 > .col-inner {\n  padding: 20px 20px 20px 20px;\n}\n@media (min-width:550px) {\n  #col-1645697232 > .col-inner {\n    padding: 40px 40px 40px 40px;\n  }\n}\n<\/style>\n\t<\/div>\n\n\t\n\n\t<div id=\"col-1711142338\" class=\"col medium-12 small-12 large-4\"  >\n\t\t\t\t<div class=\"col-inner\" style=\"background-color:rgb(255, 255, 255);\" >\n\t\t\t\n\t\t\t\n<p class=\"lead\"><span data-text-color=\"primary\"><strong>Unsere Werte<\/strong><\/span><\/p>\n<p>Wir zeichnen uns durch eine Methode aus, die Kreativit\u00e4t, technische Pr\u00e4zision und aktives Zuh\u00f6ren vereint. Jedes Projekt beginnt mit einem tiefen Verst\u00e4ndnis der Bed\u00fcrfnisse und des Kontexts des Kunden, um ma\u00dfgeschneiderte L\u00f6sungen zu entwickeln, die \u00c4sthetik und Funktionalit\u00e4t vereinen. Innovation und Nachhaltigkeit stehen im Mittelpunkt unseres kreativen Prozesses.<\/p>\n\t\t<\/div>\n\t\t\t\t\n<style>\n#col-1711142338 > .col-inner {\n  padding: 20px 20px 20px 20px;\n}\n@media (min-width:550px) {\n  #col-1711142338 > .col-inner {\n    padding: 40px 40px 40px 40px;\n  }\n}\n<\/style>\n\t<\/div>\n\n\t\n<\/div>\n\t\t<\/div>\n\t\t\t\t\n<style>\n#col-699190425 > .col-inner {\n  margin: -120px 0px 0px 0px;\n}\n@media (min-width:550px) {\n  #col-699190425 > .col-inner {\n    margin: -180px 0px 0px 0px;\n  }\n}\n<\/style>\n\t<\/div>\n\n\t\n<\/div>\n\t<div id=\"gap-1979952237\" class=\"gap-element clearfix\" style=\"display:block; height:auto;\">\n\t\t\n<style>\n#gap-1979952237 {\n  padding-top: 0px;\n}\n@media (min-width:850px) {\n  #gap-1979952237 {\n    padding-top: 100px;\n  }\n}\n<\/style>\n\t<\/div>\n\t\n\t\t<\/div>\n\n\t\t\n<style>\n#section_2073159338 {\n  padding-top: 80px;\n  padding-bottom: 80px;\n  background-color: rgb(255, 255, 255);\n}\n@media (min-width:850px) {\n  #section_2073159338 {\n    padding-top: 0px;\n    padding-bottom: 0px;\n  }\n}\n<\/style>\n\t<\/section>\n\t\n\n\t<section class=\"section\" id=\"section_763748795\">\n\t\t<div class=\"section-bg fill\" >\n\t\t\t\t\t\t\t\t\t\n\t\t\t\n\n\t\t<\/div>\n\n\t\t\n\n\t\t<div class=\"section-content relative\">\n\t\t\t\n<div class=\"row row-collapse row-full-width align-middle align-center\"  id=\"row-904838589\">\n\n\t<div id=\"col-1576087288\" class=\"col medium-12 small-12 large-6 medium-col-first\"  data-animate=\"fadeInRight\">\n\t\t\t\t<div class=\"col-inner\"  >\n\t\t\t\n\t\t\t\n\n  <div class=\"banner has-hover has-parallax\" id=\"banner-675261027\">\n          <div class=\"banner-inner fill\">\n        <div class=\"banner-bg fill\" data-parallax=\"-3\" data-parallax-container=\".banner\" data-parallax-background>\n            <img loading=\"lazy\" decoding=\"async\" width=\"1600\" height=\"1052\" src=\"https:\/\/www.gardaarch.it\/wp-content\/uploads\/2024\/11\/SCALA-2_V3.jpg\" class=\"bg attachment-original size-original\" alt=\"\">                        <div class=\"overlay\"><\/div>            \n                    <\/div>\n\t\t\n        <div class=\"banner-layers container\">\n            <div class=\"fill banner-link\"><\/div>            \n        <\/div>\n      <\/div>\n\n            \n<style>\n#banner-675261027 {\n  padding-top: 381px;\n  background-color: rgb(255, 255, 255);\n}\n#banner-675261027 .overlay {\n  background-color: rgba(0, 0, 0, 0.093);\n}\n#banner-675261027 .banner-bg img {\n  object-position: 68% 68%;\n}\n@media (min-width:550px) {\n  #banner-675261027 {\n    padding-top: 480px;\n  }\n}\n@media (min-width:850px) {\n  #banner-675261027 {\n    padding-top: 600px;\n  }\n}\n<\/style>\n  <\/div>\n\n\n\t\t<\/div>\n\t\t\t\t\t<\/div>\n\n\t\n\n\t<div id=\"col-1072784133\" class=\"col medium-12 small-11 large-6\"  data-animate=\"fadeInLeft\">\n\t\t\t\t<div class=\"col-inner\"  >\n\t\t\t\n\t\t\t\n<div class=\"row row-collapse align-center\"  id=\"row-2000426302\">\n\n\t<div id=\"col-1785086546\" class=\"col medium-11 small-12 large-9\"  >\n\t\t\t\t<div class=\"col-inner\"  >\n\t\t\t\n\t\t\t\n<p class=\"lead\"><span data-text-color=\"alert\"><strong>Das Team<\/strong><\/span><\/p>\n<h2><span data-text-color=\"primary\"><strong>Ein multidisziplin\u00e4res Team, das Ihre Projekte zum Leben erweckt<\/strong><\/span><\/h2>\n<p>Unser Studio besteht aus einem multidisziplin\u00e4ren Team aus Architekten, Designern und Branchenexperten, die leidenschaftlich zusammenarbeiten, um integrierte, hochwertige L\u00f6sungen zu entwickeln. Mit unserem Studio vertrauen Sie auf Experten, die Ihre Kunden mit Leidenschaft, Fachwissen und Kreativit\u00e4t unterst\u00fctzen. Wir setzen Ihre Ideen in konkrete Projekte um und schaffen R\u00e4ume, in denen Wohnen, Arbeiten und Tr\u00e4umen zum t\u00e4glichen Vergn\u00fcgen werden.<\/p>\n\t<div id=\"gap-89457955\" class=\"gap-element clearfix\" style=\"display:block; height:auto;\">\n\t\t\n<style>\n#gap-89457955 {\n  padding-top: 15px;\n}\n<\/style>\n\t<\/div>\n\t\n\t\t<\/div>\n\t\t\t\t\n<style>\n#col-1785086546 > .col-inner {\n  padding: 40px 0px 40px 0px;\n}\n@media (min-width:550px) {\n  #col-1785086546 > .col-inner {\n    padding: 60px 0px 40px 0px;\n  }\n}\n@media (min-width:850px) {\n  #col-1785086546 > .col-inner {\n    padding: 0px 0px 0px 0px;\n  }\n}\n<\/style>\n\t<\/div>\n\n\t\n<\/div>\n\t\t<\/div>\n\t\t\t\t\n<style>\n#col-1072784133 > .col-inner {\n  padding: 0px 0px 0px 0px;\n}\n<\/style>\n\t<\/div>\n\n\t\n<\/div>\n\t\t<\/div>\n\n\t\t\n<style>\n#section_763748795 {\n  padding-top: 0px;\n  padding-bottom: 0px;\n}\n<\/style>\n\t<\/section>\n\t\n","protected":false},"excerpt":{"rendered":"","protected":false},"author":3,"featured_media":0,"parent":0,"menu_order":2,"comment_status":"closed","ping_status":"closed","template":"page-blank.php","meta":{"footnotes":""},"class_list":["post-5495","page","type-page","status-publish","hentry"],"_links":{"self":[{"href":"https:\/\/www.gardaarch.it\/de\/wp-json\/wp\/v2\/pages\/5495","targetHints":{"allow":["GET"]}}],"collection":[{"href":"https:\/\/www.gardaarch.it\/de\/wp-json\/wp\/v2\/pages"}],"about":[{"href":"https:\/\/www.gardaarch.it\/de\/wp-json\/wp\/v2\/types\/page"}],"author":[{"embeddable":true,"href":"https:\/\/www.gardaarch.it\/de\/wp-json\/wp\/v2\/users\/3"}],"replies":[{"embeddable":true,"href":"https:\/\/www.gardaarch.it\/de\/wp-json\/wp\/v2\/comments?post=5495"}],"version-history":[{"count":3,"href":"https:\/\/www.gardaarch.it\/de\/wp-json\/wp\/v2\/pages\/5495\/revisions"}],"predecessor-version":[{"id":5498,"href":"https:\/\/www.gardaarch.it\/de\/wp-json\/wp\/v2\/pages\/5495\/revisions\/5498"}],"wp:attachment":[{"href":"https:\/\/www.gardaarch.it\/de\/wp-json\/wp\/v2\/media?parent=5495"}],"curies":[{"name":"wp","href":"https:\/\/api.w.org\/{rel}","templated":true}]}}